{"id":91,"date":"2023-10-20T09:16:13","date_gmt":"2023-10-20T07:16:13","guid":{"rendered":"https:\/\/www.t2know.com\/software-de-analisis-inteligente-de-articulos-cientifico-tecnicos\/"},"modified":"2023-10-26T09:13:39","modified_gmt":"2023-10-26T07:13:39","slug":"software-de-analisis-inteligente-de-articulos-cientifico-tecnicos","status":"publish","type":"page","link":"https:\/\/www.t2know.com\/en\/","title":{"rendered":"Software de an\u00e1lisis inteligente de art\u00edculos cient\u00edfico-t\u00e9cnicos"},"content":{"rendered":"<div class=\"wpb-content-wrapper\"><p>[vc_row][vc_column]\n\t\t\t<!-- START Slider 1 EN REVOLUTION SLIDER 6.6.10 --><p class=\"rs-p-wp-fix\"><\/p>\n\t\t\t<rs-module-wrap id=\"rev_slider_2_1_wrapper\" data-source=\"gallery\" style=\"visibility:hidden;background:transparent;padding:0;margin:0px auto;margin-top:0;margin-bottom:0;\">\n\t\t\t\t<rs-module id=\"rev_slider_2_1\" style=\"\" data-version=\"6.6.10\">\n\t\t\t\t\t<rs-slides style=\"overflow: hidden; position: absolute;\">\n\t\t\t\t\t\t<rs-slide style=\"position: absolute;\" data-key=\"rs-2\" data-title=\"Slide\" data-in=\"o:0;\" data-out=\"a:false;\">\n\t\t\t\t\t\t\t<img decoding=\"async\" src=\"\/\/www.t2know.com\/wp-content\/plugins\/revslider\/public\/assets\/assets\/dummy.png\" alt=\"banner_web\" title=\"banner_web\" width=\"1920\" height=\"700\" class=\"rev-slidebg tp-rs-img rs-lazyload\" data-lazyload=\"\/\/www.t2know.com\/wp-content\/uploads\/2023\/10\/banner_web.jpg\" data-no-retina>\n<!--\n\t\t\t\t\t\t\t--><rs-layer\n\t\t\t\t\t\t\t\tid=\"slider-2-slide-2-layer-0\" \n\t\t\t\t\t\t\t\tdata-type=\"image\"\n\t\t\t\t\t\t\t\tdata-rsp_ch=\"on\"\n\t\t\t\t\t\t\t\tdata-xy=\"y:c;yo:-109px;\"\n\t\t\t\t\t\t\t\tdata-text=\"w:normal;\"\n\t\t\t\t\t\t\t\tdata-dim=\"w:420px;h:58px;\"\n\t\t\t\t\t\t\t\tdata-frame_999=\"o:0;st:w;\"\n\t\t\t\t\t\t\t\tstyle=\"z-index:5;\"\n\t\t\t\t\t\t\t><img decoding=\"async\" src=\"\/\/www.t2know.com\/wp-content\/plugins\/revslider\/public\/assets\/assets\/dummy.png\" alt=\"logo t2know\" class=\"tp-rs-img rs-lazyload\" width=\"552\" height=\"76\" data-lazyload=\"\/\/www.t2know.com\/wp-content\/uploads\/2023\/10\/logo_t2know.png\" data-no-retina> \n\t\t\t\t\t\t\t<\/rs-layer><!--\n\n\t\t\t\t\t\t\t--><rs-layer\n\t\t\t\t\t\t\t\tid=\"slider-2-slide-2-layer-1\" \n\t\t\t\t\t\t\t\tdata-type=\"text\"\n\t\t\t\t\t\t\t\tdata-color=\"#ffffff\"\n\t\t\t\t\t\t\t\tdata-rsp_ch=\"on\"\n\t\t\t\t\t\t\t\tdata-xy=\"y:c;\"\n\t\t\t\t\t\t\t\tdata-text=\"w:normal;s:57;l:46;fw:700;\"\n\t\t\t\t\t\t\t\tdata-frame_999=\"o:0;st:w;\"\n\t\t\t\t\t\t\t\tstyle=\"z-index:6;font-family:'Raleway';\"\n\t\t\t\t\t\t\t>Transforming the world<br \/>\nwith reliable Artificial Intelligence \n\t\t\t\t\t\t\t<\/rs-layer><!--\n\n\t\t\t\t\t\t\t--><rs-layer\n\t\t\t\t\t\t\t\tid=\"slider-2-slide-2-layer-2\" \n\t\t\t\t\t\t\t\tdata-type=\"text\"\n\t\t\t\t\t\t\t\tdata-color=\"#ffffff\"\n\t\t\t\t\t\t\t\tdata-rsp_ch=\"on\"\n\t\t\t\t\t\t\t\tdata-xy=\"y:c;yo:98px;\"\n\t\t\t\t\t\t\t\tdata-text=\"w:normal;s:29;l:27;fw:300;\"\n\t\t\t\t\t\t\t\tdata-dim=\"w:697;\"\n\t\t\t\t\t\t\t\tdata-frame_999=\"o:0;st:w;\"\n\t\t\t\t\t\t\t\tstyle=\"z-index:7;font-family:'Roboto';\"\n\t\t\t\t\t\t\t>Effectively leverage published research<br \/>\nresults to generate ideas in R+D+i.<br \/>\n \n\t\t\t\t\t\t\t<\/rs-layer><!--\n-->\t\t\t\t\t\t<\/rs-slide>\n\t\t\t\t\t<\/rs-slides>\n\t\t\t\t<\/rs-module>\n\t\t\t\t<script>\n\t\t\t\t\tsetREVStartSize({c: 'rev_slider_2_1',rl:[1240,1024,778,480],el:[900],gw:[1240],gh:[900],type:'standard',justify:'',layout:'fullwidth',mh:\"0\"});if (window.RS_MODULES!==undefined && window.RS_MODULES.modules!==undefined && window.RS_MODULES.modules[\"revslider21\"]!==undefined) {window.RS_MODULES.modules[\"revslider21\"].once = false;window.revapi2 = undefined;if (window.RS_MODULES.checkMinimal!==undefined) window.RS_MODULES.checkMinimal()}\n\t\t\t\t<\/script>\n\t\t\t<\/rs-module-wrap>\n\t\t\t<!-- END REVOLUTION SLIDER -->\n[\/vc_column][\/vc_row][vc_row css=&#8221;.vc_custom_1698226153961{padding-top: 60px !important;padding-right: 20px !important;padding-bottom: 60px !important;padding-left: 20px !important;background-color: #ffffff !important;}&#8221;][vc_column width=&#8221;1\/2&#8243;][vc_column_text css=&#8221;.vc_custom_1698302916010{padding-top: 40px !important;}&#8221;]<\/p>\n<h1>Intelligent Scientific and Technical Article Analysis Software<\/h1>\n<p>[\/vc_column_text]<div class=\"mkdf-separator-holder clearfix  mkdf-separator-center\">\n\t<div class=\"mkdf-separator\" style=\"margin-top: 20px;margin-bottom: 20px\"><\/div>\n<\/div>\n<div class=\"mkdf-section-title-holder\">\n\t<h2 class=\"mkdf-section-title\" style=\"color: #2507b0\">Do you know how much time and money your research team can save?<\/h2>\n<\/div>[vc_column_text css=&#8221;.vc_custom_1698302952141{padding-top: 40px !important;}&#8221; el_id=&#8221;texto1&#8243;]Advanced analysis through Artificial Intelligence of large volumes of information for Knowledge Extraction and R+D+i Trend Identification.[\/vc_column_text][\/vc_column][vc_column width=&#8221;1\/2&#8243;][vc_single_image image=&#8221;61&#8243; img_size=&#8221;full&#8221; alignment=&#8221;center&#8221;][\/vc_column][\/vc_row][vc_row css=&#8221;.vc_custom_1698226176032{padding-top: 60px !important;padding-right: 20px !important;padding-bottom: 30px !important;padding-left: 20px !important;background-color: #ffffff !important;}&#8221;][vc_column width=&#8221;1\/3&#8243;]\n<blockquote class=\"mkdf-blockquote-shortcode\" >\n\t<span class=\"mkdf-blockquote-text\">Focus your information<\/span>\n<\/blockquote><div class=\"mkdf-unordered-list \" style=\"padding-left: 28px;\"><\/p>\n<ul style=\"padding-top: 20px;\">\n<li>We concentrate and synthesize the R+D+i ecosystem in Health (articles\/patents), thus creating a more precise and satisfying informational experience.<\/li>\n<li>Potential for cross-sector applicability.<\/li>\n<\/ul>\n<p><\/div>[\/vc_column][vc_column width=&#8221;1\/3&#8243;]\n<blockquote class=\"mkdf-blockquote-shortcode\" >\n\t<span class=\"mkdf-blockquote-text\">Advanced Semantic-Based Exploration<\/span>\n<\/blockquote><div class=\"mkdf-unordered-list \" style=\"padding-left: 28px;\"><\/p>\n<ul style=\"padding-top: 20px;\">\n<li>We monitor and predict the lifecycle of technologies, opening new possibilities in research, decision-making, and understanding complex textual data.<\/li>\n<\/ul>\n<p><\/div>[\/vc_column][vc_column width=&#8221;1\/3&#8243;]\n<blockquote class=\"mkdf-blockquote-shortcode\" >\n\t<span class=\"mkdf-blockquote-text\">Specificity in your research domain<\/span>\n<\/blockquote><div class=\"mkdf-unordered-list \" style=\"padding-left: 28px;\"><\/p>\n<ul style=\"padding-top: 20px;\">\n<li>We uncover related and relevant contexts (authors, institutions, countries, &#8230;) by training and refining specific contexts, enabling us to analyze and extract information with a level of detail and expertise that rivals that of an expert in the field.<\/li>\n<\/ul>\n<p><\/div>[\/vc_column][\/vc_row][vc_row content_width=&#8221;grid&#8221; css=&#8221;.vc_custom_1698226210088{padding-top: 60px !important;padding-right: 20px !important;padding-bottom: 80px !important;padding-left: 20px !important;background-color: #ffffff !important;}&#8221;][vc_column width=&#8221;1\/3&#8243;]\n<blockquote class=\"mkdf-blockquote-shortcode\" >\n\t<span class=\"mkdf-blockquote-text\">We Transform Information to Create Knowledge<\/span>\n<\/blockquote><div class=\"mkdf-unordered-list \" style=\"padding-left: 28px;\"><\/p>\n<ul style=\"padding-top: 20px;\">\n<li>T2KNOW becomes a powerful tool for researchers, scientists, and professionals in all fields, helping them generate new ideas, discoveries, and solutions to the challenges of our society, thus contributing to the continuous enrichment of our knowledge base.<\/li>\n<\/ul>\n<p><\/div>[\/vc_column][vc_column width=&#8221;1\/3&#8243;]\n<blockquote class=\"mkdf-blockquote-shortcode\" >\n\t<span class=\"mkdf-blockquote-text\">Boost your innovation and uncover new market niches<\/span>\n<\/blockquote><div class=\"mkdf-unordered-list \" style=\"padding-left: 28px;\"><\/p>\n<ul style=\"padding-top: 20px;\">\n<li>Invaluable software for those seeking precise and contextualized answers in their research field.<\/li>\n<\/ul>\n<p><\/div>[\/vc_column][vc_column width=&#8221;1\/3&#8243;]\n<blockquote class=\"mkdf-blockquote-shortcode\" >\n\t<span class=\"mkdf-blockquote-text\">Collaborative research environments<\/span>\n<\/blockquote><div class=\"mkdf-unordered-list \" style=\"padding-left: 28px;\"><\/p>\n<ul style=\"padding-top: 20px;\">\n<li>The software enables interdisciplinary collaboration, enhancing the research teams&#8217; ability to work together effectively in the pursuit of solutions to current scientific challenges.<\/li>\n<\/ul>\n<p><\/div>[\/vc_column][\/vc_row][vc_row css=&#8221;.vc_custom_1698068118763{padding-top: 60px !important;padding-bottom: 60px !important;}&#8221;][vc_column]<div class=\"mkdf-section-title-holder\">\n\t<h2 class=\"mkdf-section-title\" style=\"color: #2507b0\">Team<\/h2>\n<\/div>[vc_row_inner css=&#8221;.vc_custom_1698067860476{padding-top: 40px !important;}&#8221;][vc_column_inner width=&#8221;1\/3&#8243;][vc_single_image image=&#8221;43&#8243; img_size=&#8221;medium&#8221; alignment=&#8221;center&#8221;][vc_column_text]<\/p>\n<h3>University of Alicante<\/h3>\n<h3>Natural Language Processing and Information Systems Group<\/h3>\n<p>As a research group at the University of Alicante focused on Natural Language Processing, our goal is to bridge the gap between computers and human language to enhance communication between humans and machines and replace mechanical tasks with highly productive ones.<\/p>\n<p><a href=\"https:\/\/gplsi.dlsi.ua.es\/\" target=\"_blank\" rel=\"noopener\">More information<\/a>[\/vc_column_text][\/vc_column_inner][vc_column_inner width=&#8221;1\/3&#8243;][vc_single_image image=&#8221;44&#8243; img_size=&#8221;medium&#8221; alignment=&#8221;center&#8221;][vc_column_text]<\/p>\n<h3>Isabial<\/h3>\n<h3>Institute of Health and Biomedical Research in Alicante<\/h3>\n<p>A multidisciplinary and translational biomedical research space composed of the Alicante Health Department-General Hospital, the University of Alicante, and the Miguel Hern\u00e1ndez University, with over 500 affiliated research members.<\/p>\n<p><a href=\"https:\/\/isabial.es\/\" target=\"_blank\" rel=\"noopener\">More information<\/a>[\/vc_column_text][\/vc_column_inner][vc_column_inner width=&#8221;1\/3&#8243;][vc_single_image image=&#8221;45&#8243; img_size=&#8221;medium&#8221; alignment=&#8221;center&#8221;][vc_column_text]<\/p>\n<h3>Difusionlabs<\/h3>\n<h3>Difusi\u00f3n Comunicaci\u00f3n Integral, SL<\/h3>\n<p>Comprehensive Communication Agency. Advertising, web design and development, online marketing, web positioning, graphic design, and events.<\/p>\n<p><a href=\"https:\/\/www.difusionlabs.com\/\" target=\"_blank\" rel=\"noopener\">More information<\/a>[\/vc_column_text][\/vc_column_inner][\/vc_row_inner][\/vc_column][\/vc_row]<\/p>\n<\/div>","protected":false},"excerpt":{"rendered":"<p>[vc_row][vc_column][\/vc_column][\/vc_row][vc_row css=&#8221;.vc_custom_1698226153961{padding-top: 60px !important;padding-right: 20px !important;padding-bottom: 60px !important;padding-left: 20px !important;background-color: #ffffff !important;}&#8221;][vc_column width=&#8221;1\/2&#8243;][vc_column_text css=&#8221;.vc_custom_1698302916010{padding-top: 40px !important;}&#8221;] Intelligent Scientific and Technical Article Analysis Software [\/vc_column_text][vc_column_text css=&#8221;.vc_custom_1698302952141{padding-top: 40px !important;}&#8221; el_id=&#8221;texto1&#8243;]Advanced analysis through Artificial Intelligence of large volumes of information for Knowledge Extraction and R+D+i Trend Identification.[\/vc_column_text][\/vc_column][vc_column width=&#8221;1\/2&#8243;][vc_single_image&#8230;<\/p>\n","protected":false},"author":1,"featured_media":0,"parent":0,"menu_order":0,"comment_status":"closed","ping_status":"closed","template":"","meta":{"footnotes":""},"class_list":["post-91","page","type-page","status-publish","hentry"],"_links":{"self":[{"href":"https:\/\/www.t2know.com\/en\/wp-json\/wp\/v2\/pages\/91","targetHints":{"allow":["GET"]}}],"collection":[{"href":"https:\/\/www.t2know.com\/en\/wp-json\/wp\/v2\/pages"}],"about":[{"href":"https:\/\/www.t2know.com\/en\/wp-json\/wp\/v2\/types\/page"}],"author":[{"embeddable":true,"href":"https:\/\/www.t2know.com\/en\/wp-json\/wp\/v2\/users\/1"}],"replies":[{"embeddable":true,"href":"https:\/\/www.t2know.com\/en\/wp-json\/wp\/v2\/comments?post=91"}],"version-history":[{"count":10,"href":"https:\/\/www.t2know.com\/en\/wp-json\/wp\/v2\/pages\/91\/revisions"}],"predecessor-version":[{"id":130,"href":"https:\/\/www.t2know.com\/en\/wp-json\/wp\/v2\/pages\/91\/revisions\/130"}],"wp:attachment":[{"href":"https:\/\/www.t2know.com\/en\/wp-json\/wp\/v2\/media?parent=91"}],"curies":[{"name":"wp","href":"https:\/\/api.w.org\/{rel}","templated":true}]}}